{"id":100794,"date":"2025-03-11T21:02:22","date_gmt":"2025-03-11T21:02:22","guid":{"rendered":"https:\/\/louerquorum.com\/recherche-a-laccueil\/"},"modified":"2025-03-11T21:02:22","modified_gmt":"2025-03-11T21:02:22","slug":"recherche-a-laccueil","status":"publish","type":"page","link":"https:\/\/louerquorum.com\/fr\/recherche-a-laccueil\/","title":{"rendered":"Recherche \u00e0 l&rsquo;accueil"},"content":{"rendered":"\n<div class=\"directorist-search-contents directorist-contents-wrap\" data-atts=\"{&quot;show_title_subtitle&quot;:&quot;yes&quot;,&quot;search_bar_title&quot;:&quot;&quot;,&quot;search_bar_sub_title&quot;:&quot;&quot;,&quot;search_button&quot;:&quot;yes&quot;,&quot;search_button_text&quot;:&quot;Liste de recherche&quot;,&quot;more_filters_button&quot;:&quot;&quot;,&quot;more_filters_text&quot;:&quot;Plus de filtres&quot;,&quot;reset_filters_button&quot;:&quot;yes&quot;,&quot;apply_filters_button&quot;:&quot;yes&quot;,&quot;reset_filters_text&quot;:&quot;R\\u00e9initialiser les filtres&quot;,&quot;apply_filters_text&quot;:&quot;Appliquer les filtres&quot;,&quot;logged_in_user_only&quot;:&quot;&quot;,&quot;redirect_page_url&quot;:&quot;&quot;,&quot;more_filters_display&quot;:&quot;sliding&quot;,&quot;directory_type&quot;:&quot;&quot;,&quot;default_directory_type&quot;:&quot;&quot;,&quot;show_popular_category&quot;:&quot;&quot;}\">\n\n    <div class=\"directorist-container-fluid\">\n\n        \n        \n        <form action=\"https:\/\/louerquorum.com\/search-result-2\/\" class=\"directorist-search-form\" data-atts=\"{&quot;show_title_subtitle&quot;:&quot;yes&quot;,&quot;search_bar_title&quot;:&quot;&quot;,&quot;search_bar_sub_title&quot;:&quot;&quot;,&quot;search_button&quot;:&quot;yes&quot;,&quot;search_button_text&quot;:&quot;Liste de recherche&quot;,&quot;more_filters_button&quot;:&quot;&quot;,&quot;more_filters_text&quot;:&quot;Plus de filtres&quot;,&quot;reset_filters_button&quot;:&quot;yes&quot;,&quot;apply_filters_button&quot;:&quot;yes&quot;,&quot;reset_filters_text&quot;:&quot;R\\u00e9initialiser les filtres&quot;,&quot;apply_filters_text&quot;:&quot;Appliquer les filtres&quot;,&quot;logged_in_user_only&quot;:&quot;&quot;,&quot;redirect_page_url&quot;:&quot;&quot;,&quot;more_filters_display&quot;:&quot;sliding&quot;,&quot;directory_type&quot;:&quot;&quot;,&quot;default_directory_type&quot;:&quot;&quot;,&quot;show_popular_category&quot;:&quot;&quot;}\">\n\n            <div class=\"directorist-search-form-wrap directorist-search-form__wrap directorist-with-search-border\">\n\n                \n                <input type=\"hidden\" name=\"directory_type\" class=\"listing_type\" value=\"location-fr\">\n\n                \n<div class=\"directorist-search-form__box\">\n\n    <div class=\"directorist-search-form-top directorist-flex directorist-align-center directorist-search-form-inline directorist-search-form__top\">\n        \n<div class=\"directorist-search-adv-filter directorist-advanced-filter\">\n    \n                    \n<div class=\"directorist-search-field directorist-search-form-dropdown directorist-form-group\">\n    <div class=\"directorist-search-basic-dropdown directorist-search-field__input\">\n                    <label class=\"directorist-search-field__label directorist-search-basic-dropdown-label\">\n                Emplacement                <span class=\"directorist-search-basic-dropdown-selected-item\"><\/span>\n                <i class=\"directorist-icon-mask\" aria-hidden=\"true\" style=\"--directorist-icon: url(https:\/\/louerquorum.com\/wp-content\/plugins\/directorist\/assets\/icons\/font-awesome\/svgs\/solid\/chevron-down.svg)\"><\/i> \n            <\/label>\n                <div class=\"directorist-search-basic-dropdown-content\">\n            <div class=\"directorist-flex directorist-flex-wrap directorist-radio-wrapper\">\n\n                \n                        <div class=\"directorist-radio directorist-radio-circle\">\n                            <input  type=\"radio\" id=\"Montreal-2377365179\" name=\"custom_field[custom-radio-9]\" value=\"Montreal\">\n                            <label class=\"directorist-radio__label\" for=\"Montreal-2377365179\">Montreal<\/label>\n                        <\/div>\n\n                        \n                        <div class=\"directorist-radio directorist-radio-circle\">\n                            <input  type=\"radio\" id=\"Laval-3023044205\" name=\"custom_field[custom-radio-9]\" value=\"Laval\">\n                            <label class=\"directorist-radio__label\" for=\"Laval-3023044205\">Laval<\/label>\n                        <\/div>\n\n                        \n                        <div class=\"directorist-radio directorist-radio-circle\">\n                            <input  type=\"radio\" id=\"Lasalle-3703469942\" name=\"custom_field[custom-radio-9]\" value=\"Lasalle\">\n                            <label class=\"directorist-radio__label\" for=\"Lasalle-3703469942\">Lasalle<\/label>\n                        <\/div>\n\n                        \n                        <div class=\"directorist-radio directorist-radio-circle\">\n                            <input  type=\"radio\" id=\"Pierrefonds-935384394\" name=\"custom_field[custom-radio-9]\" value=\"Pierrefonds\">\n                            <label class=\"directorist-radio__label\" for=\"Pierrefonds-935384394\">Pierrefonds<\/label>\n                        <\/div>\n\n                                    <\/div>\n        <\/div>\n    <\/div>\n    <div class=\"directorist-search-field__btn directorist-search-field__btn--clear\">\n        <i class=\"directorist-icon-mask\" aria-hidden=\"true\" style=\"--directorist-icon: url(https:\/\/louerquorum.com\/wp-content\/plugins\/directorist\/assets\/icons\/font-awesome\/svgs\/solid\/times-circle.svg)\"><\/i> \n    <\/div>\n<\/div>                    <div class=\"directorist-search-field directorist-form-group input-has-noLabel\">\n    <div class=\"directorist-select directorist-search-category directorist-search-field__input\">\n\n        \n        <select name=\"in_cat\" class=\"search_fields bdas-category-search directorist-category-select\" data-placeholder=\"Cat\u00e9gorie de propri\u00e9t\u00e9\"  data-isSearch=\"true\" data-selected-id=\"\" data-selected-label=\"\">\n            <option value=\"\">S\u00e9lectionnez une cat\u00e9gorie<\/option><option data-icon=\"\" data-custom-field=\"\" value=\"76\">Condo<\/option><option data-icon=\"\" data-custom-field=\"\" value=\"81\">Loft<\/option><option data-icon=\"\" data-custom-field=\"\" value=\"83\">Maison de ville<\/option><option data-icon=\"\" data-custom-field=\"\" value=\"82\">Penthouse<\/option>        <\/select>\n\n    <\/div>\n    <div class=\"directorist-search-field__btn directorist-search-field__btn--clear\">\n        <i class=\"directorist-icon-mask\" aria-hidden=\"true\" style=\"--directorist-icon: url(https:\/\/louerquorum.com\/wp-content\/plugins\/directorist\/assets\/icons\/font-awesome\/svgs\/solid\/times-circle.svg)\"><\/i> \n    <\/div>\n<\/div>                    \n<div class=\"directorist-search-field directorist-search-form-dropdown directorist-form-group \">\n    <div class=\"directorist-search-basic-dropdown directorist-search-field__input\">\n                    <label class=\"directorist-search-field__label directorist-search-basic-dropdown-label\">\n                Prix                <i class=\"directorist-icon-mask\" aria-hidden=\"true\" style=\"--directorist-icon: url(https:\/\/louerquorum.com\/wp-content\/plugins\/directorist\/assets\/icons\/font-awesome\/svgs\/solid\/chevron-down.svg)\"><\/i> \n            <\/label>\n                <div class=\"directorist-search-basic-dropdown-content\">\n            <div class=\"directorist-price-ranges\">\n\n            \n                <div class=\"directorist-price-ranges__item directorist-form-group\">\n                                            <label class=\"directorist-price-ranges__label\" for=\"pricing-slider-range__input-values__min\">Min<\/label>\n                                        <span class=\"directorist-price-ranges__currency\">$<\/span>\n                    <input type=\"number\" name=\"price[0]\" class=\"directorist-form-element pricing-slider-range__input-values__min\" id=\"pricing-slider-range__input-values__min\" placeholder=\"\" value=\"\" min=\"0\">\n                <\/div>\n                <div class=\"directorist-price-ranges__item directorist-form-group\">\n                                            <label class=\"directorist-price-ranges__label\" for=\"pricing-slider-range__input-values__max\">Max<\/label>\n                                        <span class=\"directorist-price-ranges__currency\">$<\/span>\n                    <input type=\"number\" name=\"price[1]\" class=\"directorist-form-element pricing-slider-range__input-values__max\" id=\"pricing-slider-range__input-values__max\" placeholder=\"\" value=\"\" min=\"0\">\n                <\/div>\n\n            \n            \n            <\/div>\n        <\/div>\n    <\/div>\n    <div class=\"directorist-search-field__btn directorist-search-field__btn--clear\">\n        <i class=\"directorist-icon-mask\" aria-hidden=\"true\" style=\"--directorist-icon: url(https:\/\/louerquorum.com\/wp-content\/plugins\/directorist\/assets\/icons\/font-awesome\/svgs\/solid\/times-circle.svg)\"><\/i> \n    <\/div>\n\n<\/div>                \n    <\/div>    <\/div>\n\n    \n<div class=\"directorist-search-form-action\">\n\n    \n    \n        <div class=\"directorist-search-form-action__submit\">\n            <button type=\"submit\" class=\"directorist-btn directorist-btn-lg directorist-btn-primary directorist-btn-search\">\n\n                                    <i class=\"directorist-icon-mask\" aria-hidden=\"true\" style=\"--directorist-icon: url(https:\/\/louerquorum.com\/wp-content\/plugins\/directorist\/assets\/icons\/line-awesome\/svgs\/search-solid.svg)\"><\/i>                \n                Liste de recherche\n            <\/button>\n        <\/div>\n\n    \n<\/div>\n<\/div>\n\n<div class=\"directorist-search-modal directorist-search-modal--advanced\">\n    \n<div class=\"directorist-search-modal__overlay\"><\/div>\n<div class=\"directorist-search-adv-filter directorist-advanced-filter directorist-search-modal__contents\">\n    <div class=\"directorist-search-modal__contents__header\">\n        <h3 class=\"directorist-search-modal__contents__title\">Plus de filtres<\/h3>\n        <button class=\"directorist-search-modal__contents__btn directorist-search-modal__contents__btn--close\"><i class=\"directorist-icon-mask\" aria-hidden=\"true\" style=\"--directorist-icon: url(https:\/\/louerquorum.com\/wp-content\/plugins\/directorist\/assets\/icons\/font-awesome\/svgs\/solid\/times.svg)\"><\/i><\/button>\n        <span class=\"directorist-search-modal__minimizer\"><\/span>\n    <\/div>\n    <div class=\"directorist-search-modal__contents__body\">\n                        <div class=\"directorist-advanced-filter__advanced__element directorist-search-field-checkbox\">\n                    \n<div class=\"directorist-search-field directorist-search-form-dropdown directorist-form-group\">\n    <div class=\"directorist-search-basic-dropdown directorist-search-field__input\">\n                <div class=\"directorist-search-basic-dropdown-content\">\n            <div class=\"directorist-flex directorist-flex-wrap directorist-checkbox-wrapper\">\n\n                \n            <\/div>\n        <\/div>\n    <\/div>\n    <div class=\"directorist-search-field__btn directorist-search-field__btn--clear\">\n        <i class=\"directorist-icon-mask\" aria-hidden=\"true\" style=\"--directorist-icon: url(https:\/\/louerquorum.com\/wp-content\/plugins\/directorist\/assets\/icons\/font-awesome\/svgs\/solid\/times-circle.svg)\"><\/i> \n    <\/div>\n\n<\/div>                <\/div>\n                            <div class=\"directorist-advanced-filter__advanced__element directorist-search-field-number\">\n                    \n<div class=\"directorist-search-field directorist-form-group\">\n            <label class=\"directorist-search-field__label\">Chambres<\/label>\n        \n    <div class=\"directorist-form-group__with-prefix\">\n        \n        <input class=\"directorist-form-element directorist-search-field__input\" type=\"number\" name=\"custom_field[custom-number-2]\" value=\"\" placeholder=\"Chambres\" step=\"1\" min=\"0\" >\n\n            <\/div>\n\n    <div class=\"directorist-search-field__btn directorist-search-field__btn--clear\">\n        <i class=\"directorist-icon-mask\" aria-hidden=\"true\" style=\"--directorist-icon: url(https:\/\/louerquorum.com\/wp-content\/plugins\/directorist\/assets\/icons\/font-awesome\/svgs\/solid\/times-circle.svg)\"><\/i> \n    <\/div>\n\n<\/div>                <\/div>\n                            <div class=\"directorist-advanced-filter__advanced__element directorist-search-field-number\">\n                    \n<div class=\"directorist-search-field directorist-form-group\">\n            <label class=\"directorist-search-field__label\">Salle(s) de bain<\/label>\n        \n    <div class=\"directorist-form-group__with-prefix\">\n        \n        <input class=\"directorist-form-element directorist-search-field__input\" type=\"number\" name=\"custom_field[]\" value=\"\" placeholder=\"Salle(s) de bain\" step=\"1\" min=\"0\" >\n\n            <\/div>\n\n    <div class=\"directorist-search-field__btn directorist-search-field__btn--clear\">\n        <i class=\"directorist-icon-mask\" aria-hidden=\"true\" style=\"--directorist-icon: url(https:\/\/louerquorum.com\/wp-content\/plugins\/directorist\/assets\/icons\/font-awesome\/svgs\/solid\/times-circle.svg)\"><\/i> \n    <\/div>\n\n<\/div>                <\/div>\n                            <div class=\"directorist-advanced-filter__advanced__element directorist-search-field-location\">\n                    \n    <div class=\"directorist-search-field directorist-form-group directorist-search-location directorist-icon-right \">\n                    <label class=\"directorist-search-field__label\" for=\"addressId\">Emplacement<\/label>\n                <span class=\"directorist-input-icon directorist-filter-location-icon\"><i class=\"directorist-icon-mask\" aria-hidden=\"true\" style=\"--directorist-icon: url(https:\/\/louerquorum.com\/wp-content\/plugins\/directorist\/assets\/icons\/font-awesome\/svgs\/solid\/crosshairs.svg)\"><\/i><\/span>\n        <input type=\"text\" name=\"address\" id=\"addressId\" value=\"\" placeholder=\"Emplacement\" autocomplete=\"off\" class=\"directorist-form-element directorist-location-js location-name directorist-search-field__input\" >\n\n        <div class=\"address_result location-names\" style=\"display: none\"><\/div>\n        <input type=\"hidden\" id=\"cityLat\" name=\"cityLat\" value=\"\" \/>\n        <input type=\"hidden\" id=\"cityLng\" name=\"cityLng\" value=\"\" \/>\n\n        <div class=\"directorist-search-field__btn directorist-search-field__btn--clear\">\n            <i class=\"directorist-icon-mask\" aria-hidden=\"true\" style=\"--directorist-icon: url(https:\/\/louerquorum.com\/wp-content\/plugins\/directorist\/assets\/icons\/font-awesome\/svgs\/solid\/times-circle.svg)\"><\/i> \n        <\/div>\n    <\/div>\n\n                    <\/div>\n                            <div class=\"directorist-advanced-filter__advanced__element directorist-search-field-title\">\n                    \n<div class=\"directorist-search-field directorist-form-group directorist-search-query \">\n\n            <label class=\"directorist-search-field__label\" for=\"\">Champ de recherche<\/label>\n    \n    <input class=\"directorist-form-element directorist-search-field__input\" id=\"\" type=\"text\" name=\"q\" value=\"\" placeholder=\"Enter Keyword...\" >\n\n    <div class=\"directorist-search-field__btn directorist-search-field__btn--clear\">\n        <i class=\"directorist-icon-mask\" aria-hidden=\"true\" style=\"--directorist-icon: url(https:\/\/louerquorum.com\/wp-content\/plugins\/directorist\/assets\/icons\/font-awesome\/svgs\/solid\/times-circle.svg)\"><\/i>    <\/div>\n\n<\/div>                <\/div>\n                            <div class=\"directorist-advanced-filter__advanced__element directorist-search-field-radius_search\">\n                    \n<div class=\"directorist-search-field directorist-form-group directorist-search-field-radius_search \">\n            <label class=\"directorist-search-field__label\">Recherche par Radius<\/label>\n        <div class=\"directorist-custom-range-slider\">\n        <div class=\"directorist-custom-range-slider__range__wrap\">\n            <span class=\"directorist-custom-range-slider__range__show\"><\/span>\n            <span>Kilom\u00e8tres<\/span>\n        <\/div>\n        <div class=\"directorist-custom-range-slider__slide\" default-value=\"0\" max-value=\"1000\" min-value=\"0\"><\/div>\n        <div class=\"directorist-custom-range-slider__wrap\">\n            <input type=\"hidden\" name=\"radius-search-based-on\" value=\"address\" class=\"directorist-radius_search_based_on\">\n            <input type=\"hidden\" placeholder=\"Min\" value=\"0\" class=\"directorist-custom-range-slider__radius directorist-custom-range-slider__value__min\">\n            <input type=\"hidden\" placeholder=\"Max\" value=\"1000\" class=\"directorist-custom-range-slider__radius directorist-custom-range-slider__value__max\">\n            <input type=\"hidden\" name=\"miles\" class=\"directorist-custom-range-slider__range\" value=\"0-1000\">\n        <\/div>\n    <\/div>\n\n<\/div>                <\/div>\n                <\/div>\n    <div class=\"directorist-search-modal__contents__footer\">\n        \n<div class=\"directorist-advanced-filter__action directorist-flex directorist-align-center directorist-justify-content-between flex-wrap\">\n\n            <button type=\"submit\" class=\"directorist-btn directorist-btn-sm directorist-btn-submit\">Appliquer les filtres<\/button>\n    \n            <button type=\"submit\" class=\"directorist-btn-reset-js\">R\u00e9initialiser les filtres<\/button>\n    \n<\/div>    <\/div>\n<\/div>\n<\/div>\n            <\/div>\n\n        <\/form>\n\n        \n        \n    <\/div>\n\n<\/div>\n","protected":false},"excerpt":{"rendered":"","protected":false},"author":1,"featured_media":0,"parent":0,"menu_order":0,"comment_status":"closed","ping_status":"closed","template":"","meta":{"_et_pb_use_builder":"","_et_pb_old_content":"","_et_gb_content_width":"","footnotes":""},"class_list":["post-100794","page","type-page","status-publish","hentry"],"_links":{"self":[{"href":"https:\/\/louerquorum.com\/fr\/wp-json\/wp\/v2\/pages\/100794","targetHints":{"allow":["GET"]}}],"collection":[{"href":"https:\/\/louerquorum.com\/fr\/wp-json\/wp\/v2\/pages"}],"about":[{"href":"https:\/\/louerquorum.com\/fr\/wp-json\/wp\/v2\/types\/page"}],"author":[{"embeddable":true,"href":"https:\/\/louerquorum.com\/fr\/wp-json\/wp\/v2\/users\/1"}],"replies":[{"embeddable":true,"href":"https:\/\/louerquorum.com\/fr\/wp-json\/wp\/v2\/comments?post=100794"}],"version-history":[{"count":0,"href":"https:\/\/louerquorum.com\/fr\/wp-json\/wp\/v2\/pages\/100794\/revisions"}],"wp:attachment":[{"href":"https:\/\/louerquorum.com\/fr\/wp-json\/wp\/v2\/media?parent=100794"}],"curies":[{"name":"wp","href":"https:\/\/api.w.org\/{rel}","templated":true}]}}