{"id":100827,"date":"2022-01-23T15:28:47","date_gmt":"2022-01-23T15:28:47","guid":{"rendered":"https:\/\/louerquorum.com\/la-tarification\/"},"modified":"2025-04-04T15:00:49","modified_gmt":"2025-04-04T15:00:49","slug":"la-tarification","status":"publish","type":"page","link":"https:\/\/louerquorum.com\/fr\/la-tarification\/","title":{"rendered":"la tarification"},"content":{"rendered":"<p>[et_pb_section fb_built=\u00a0\u00bb1&Prime; _builder_version=\u00a0\u00bb4.14.7&Prime; _module_preset=\u00a0\u00bbdefault\u00a0\u00bb background_image=\u00a0\u00bbhttps:\/\/louerquorum.com\/wp-content\/uploads\/2025\/03\/9-1920&#215;600-1.jpg\u00a0\u00bb locked=\u00a0\u00bboff\u00a0\u00bb global_colors_info=\u00a0\u00bb{}\u00a0\u00bb][et_pb_row _builder_version=\u00a0\u00bb4.14.7&Prime; _module_preset=\u00a0\u00bbdefault\u00a0\u00bb global_colors_info=\u00a0\u00bb{}\u00a0\u00bb][et_pb_column type=\u00a0\u00bb4_4&Prime; _builder_version=\u00a0\u00bb4.14.7&Prime; _module_preset=\u00a0\u00bbdefault\u00a0\u00bb global_colors_info=\u00a0\u00bb{}\u00a0\u00bb][et_pb_text _builder_version=\u00a0\u00bb4.14.7&Prime; _module_preset=\u00a0\u00bbdefault\u00a0\u00bb header_2_text_align=\u00a0\u00bbcenter\u00a0\u00bb global_colors_info=\u00a0\u00bb{}\u00a0\u00bb]<\/p>\n<h2>Prix des forfaits<\/h2>\n<p>[\/et_pb_text][\/et_pb_column][\/et_pb_row][\/et_pb_section][et_pb_section fb_built=\u00a0\u00bb1&Prime; _builder_version=\u00a0\u00bb4.14.7&Prime; _module_preset=\u00a0\u00bbdefault\u00a0\u00bb background_color=\u00a0\u00bb#f7f7f7&Prime; global_colors_info=\u00a0\u00bb{}\u00a0\u00bb][et_pb_row column_structure=\u00a0\u00bb1_3,1_3,1_3&Prime; use_custom_gutter=\u00a0\u00bbon\u00a0\u00bb gutter_width=\u00a0\u00bb1&Prime; make_equal=\u00a0\u00bbon\u00a0\u00bb _builder_version=\u00a0\u00bb4.14.7&Prime; _module_preset=\u00a0\u00bbdefault\u00a0\u00bb background_color=\u00a0\u00bb#FFFFFF\u00a0\u00bb width_tablet=\u00a0\u00bb\u00a0\u00bb width_phone=\u00a0\u00bb95%\u00a0\u00bb width_last_edited=\u00a0\u00bbon|phone\u00a0\u00bb custom_padding=\u00a0\u00bb40px|10px|40px|10px|true|true\u00a0\u00bb global_colors_info=\u00a0\u00bb{}\u00a0\u00bb][et_pb_column type=\u00a0\u00bb1_3&Prime; _builder_version=\u00a0\u00bb4.14.7&Prime; _module_preset=\u00a0\u00bbdefault\u00a0\u00bb global_colors_info=\u00a0\u00bb{}\u00a0\u00bb][et_pb_blurb title=\u00a0\u00bbPlan standard\u00a0\u00bb url=\u00a0\u00bb#\u00a0\u00bb use_icon=\u00a0\u00bbon\u00a0\u00bb font_icon=\u00a0\u00bb&#xe052;||divi||400&Prime; icon_placement=\u00a0\u00bbleft\u00a0\u00bb image_icon_width=\u00a0\u00bb20px\u00a0\u00bb _builder_version=\u00a0\u00bb4.14.7&Prime; _module_preset=\u00a0\u00bbdefault\u00a0\u00bb header_font=\u00a0\u00bbNunito|700|||||||\u00a0\u00bb header_text_color=\u00a0\u00bbgcid-c280e6cd-08ed-4b36-aba2-3d79e0703b80&Prime; header_font_size=\u00a0\u00bb16px\u00a0\u00bb header_line_height=\u00a0\u00bb1.6em\u00a0\u00bb body_font_size=\u00a0\u00bb16px\u00a0\u00bb image_icon_custom_padding=\u00a0\u00bb|||10px|false|false\u00a0\u00bb link_option_url=\u00a0\u00bb#\u00a0\u00bb locked=\u00a0\u00bboff\u00a0\u00bb global_colors_info=\u00a0\u00bb{%22gcid-c280e6cd-08ed-4b36-aba2-3d79e0703b80%22:%91%22header_text_color%22%93}\u00a0\u00bb]<\/p>\n<p>0 biens affich\u00e9s sur 10, list\u00e9s depuis 30 jours<\/p>\n<p>[\/et_pb_blurb][\/et_pb_column][et_pb_column type=\u00a0\u00bb1_3&Prime; _builder_version=\u00a0\u00bb4.14.7&Prime; _module_preset=\u00a0\u00bbdefault\u00a0\u00bb global_colors_info=\u00a0\u00bb{}\u00a0\u00bb][et_pb_blurb title=\u00a0\u00bb  Plan \u00e9tendu\u00a0\u00bb url=\u00a0\u00bb#\u00a0\u00bb use_icon=\u00a0\u00bbon\u00a0\u00bb font_icon=\u00a0\u00bb&#xe052;||divi||400&Prime; icon_color=\u00a0\u00bbgcid-c280e6cd-08ed-4b36-aba2-3d79e0703b80&Prime; icon_placement=\u00a0\u00bbleft\u00a0\u00bb image_icon_width=\u00a0\u00bb20px\u00a0\u00bb _builder_version=\u00a0\u00bb4.14.7&Prime; _module_preset=\u00a0\u00bbdefault\u00a0\u00bb header_font=\u00a0\u00bbNunito|700|||||||\u00a0\u00bb header_text_color=\u00a0\u00bbgcid-c280e6cd-08ed-4b36-aba2-3d79e0703b80&Prime; header_font_size=\u00a0\u00bb16px\u00a0\u00bb header_line_height=\u00a0\u00bb1.6em\u00a0\u00bb body_font_size=\u00a0\u00bb16px\u00a0\u00bb image_icon_custom_padding=\u00a0\u00bb|||10px|false|false\u00a0\u00bb custom_padding_tablet=\u00a0\u00bb30px||30px||true|false\u00a0\u00bb custom_padding_phone=\u00a0\u00bb30px||30px||true|false\u00a0\u00bb custom_padding_last_edited=\u00a0\u00bbon|tablet\u00a0\u00bb link_option_url=\u00a0\u00bb#\u00a0\u00bb locked=\u00a0\u00bboff\u00a0\u00bb global_colors_info=\u00a0\u00bb{%22gcid-c280e6cd-08ed-4b36-aba2-3d79e0703b80%22:%91%22header_text_color%22,%22header_text_color%22,%22icon_color%22%93}\u00a0\u00bb]<\/p>\n<p>0 biens affich\u00e9s sur 10, list\u00e9s depuis 30 jours<\/p>\n<p>[\/et_pb_blurb][\/et_pb_column][et_pb_column type=\u00a0\u00bb1_3&Prime; _builder_version=\u00a0\u00bb4.14.7&Prime; _module_preset=\u00a0\u00bbdefault\u00a0\u00bb global_colors_info=\u00a0\u00bb{}\u00a0\u00bb][et_pb_blurb title=\u00a0\u00bbPlan Premium\u00a0\u00bb use_icon=\u00a0\u00bbon\u00a0\u00bb font_icon=\u00a0\u00bb&#xe052;||divi||400&Prime; icon_color=\u00a0\u00bbgcid-c280e6cd-08ed-4b36-aba2-3d79e0703b80&Prime; icon_placement=\u00a0\u00bbleft\u00a0\u00bb image_icon_width=\u00a0\u00bb20px\u00a0\u00bb _builder_version=\u00a0\u00bb4.14.7&Prime; _module_preset=\u00a0\u00bbdefault\u00a0\u00bb header_font=\u00a0\u00bbNunito|700|||||||\u00a0\u00bb header_text_color=\u00a0\u00bbgcid-c280e6cd-08ed-4b36-aba2-3d79e0703b80&Prime; header_font_size=\u00a0\u00bb16px\u00a0\u00bb header_line_height=\u00a0\u00bb1.6em\u00a0\u00bb body_font_size=\u00a0\u00bb16px\u00a0\u00bb image_icon_custom_padding=\u00a0\u00bb|||10px|false|false\u00a0\u00bb locked=\u00a0\u00bboff\u00a0\u00bb global_colors_info=\u00a0\u00bb{%22gcid-c280e6cd-08ed-4b36-aba2-3d79e0703b80%22:%91%22header_text_color%22,%22header_text_color%22,%22header_text_color%22,%22icon_color%22%93}\u00a0\u00bb]<\/p>\n<p>0 biens affich\u00e9s sur 10, list\u00e9s depuis 30 jours<\/p>\n<p>[\/et_pb_blurb][\/et_pb_column][\/et_pb_row][et_pb_row column_structure=\u00a0\u00bb1_3,1_3,1_3&Prime; use_custom_gutter=\u00a0\u00bbon\u00a0\u00bb gutter_width=\u00a0\u00bb1&Prime; make_equal=\u00a0\u00bbon\u00a0\u00bb custom_padding_last_edited=\u00a0\u00bbon|phone\u00a0\u00bb _builder_version=\u00a0\u00bb4.14.7&Prime; _module_preset=\u00a0\u00bbdefault\u00a0\u00bb background_color=\u00a0\u00bb#FFFFFF\u00a0\u00bb width_tablet=\u00a0\u00bb\u00a0\u00bb width_phone=\u00a0\u00bb95%\u00a0\u00bb width_last_edited=\u00a0\u00bbon|phone\u00a0\u00bb custom_padding=\u00a0\u00bb10px|10px|40px|10px|false|true\u00a0\u00bb custom_padding_tablet=\u00a0\u00bb0px|10px|0px|10px|false|true\u00a0\u00bb custom_padding_phone=\u00a0\u00bb0px|10px|0px|10px|false|true\u00a0\u00bb global_colors_info=\u00a0\u00bb{}\u00a0\u00bb][et_pb_column type=\u00a0\u00bb1_3&Prime; _builder_version=\u00a0\u00bb4.14.7&Prime; _module_preset=\u00a0\u00bbdefault\u00a0\u00bb global_colors_info=\u00a0\u00bb{}\u00a0\u00bb][et_pb_blurb title=\u00a0\u00bbPlan standard\u00a0\u00bb url=\u00a0\u00bb#\u00a0\u00bb use_icon=\u00a0\u00bbon\u00a0\u00bb font_icon=\u00a0\u00bb&#xe052;||divi||400&Prime; icon_color=\u00a0\u00bbgcid-c280e6cd-08ed-4b36-aba2-3d79e0703b80&Prime; icon_placement=\u00a0\u00bbleft\u00a0\u00bb image_icon_width=\u00a0\u00bb20px\u00a0\u00bb _builder_version=\u00a0\u00bb4.14.7&Prime; _module_preset=\u00a0\u00bbdefault\u00a0\u00bb header_font=\u00a0\u00bbNunito|700|||||||\u00a0\u00bb header_text_color=\u00a0\u00bbgcid-c280e6cd-08ed-4b36-aba2-3d79e0703b80&Prime; header_font_size=\u00a0\u00bb16px\u00a0\u00bb header_line_height=\u00a0\u00bb1.6em\u00a0\u00bb body_font_size=\u00a0\u00bb16px\u00a0\u00bb image_icon_custom_padding=\u00a0\u00bb|||10px|false|false\u00a0\u00bb link_option_url=\u00a0\u00bb#\u00a0\u00bb locked=\u00a0\u00bboff\u00a0\u00bb global_colors_info=\u00a0\u00bb{%22gcid-c280e6cd-08ed-4b36-aba2-3d79e0703b80%22:%91%22header_text_color%22,%22header_text_color%22,%22header_text_color%22,%22header_text_color%22,%22header_text_color%22,%22icon_color%22%93}\u00a0\u00bb]<\/p>\n<p>0 biens affich\u00e9s sur 10, list\u00e9s depuis 30 jours<\/p>\n<p>[\/et_pb_blurb][\/et_pb_column][et_pb_column type=\u00a0\u00bb1_3&Prime; _builder_version=\u00a0\u00bb4.14.7&Prime; _module_preset=\u00a0\u00bbdefault\u00a0\u00bb global_colors_info=\u00a0\u00bb{}\u00a0\u00bb][et_pb_blurb title=\u00a0\u00bbPlan Premium\u00a0\u00bb url=\u00a0\u00bb#\u00a0\u00bb use_icon=\u00a0\u00bbon\u00a0\u00bb font_icon=\u00a0\u00bb&#xe052;||divi||400&Prime; icon_color=\u00a0\u00bbgcid-c280e6cd-08ed-4b36-aba2-3d79e0703b80&Prime; icon_placement=\u00a0\u00bbleft\u00a0\u00bb image_icon_width=\u00a0\u00bb20px\u00a0\u00bb _builder_version=\u00a0\u00bb4.14.7&Prime; _module_preset=\u00a0\u00bbdefault\u00a0\u00bb header_font=\u00a0\u00bbNunito|700|||||||\u00a0\u00bb header_text_color=\u00a0\u00bbgcid-c280e6cd-08ed-4b36-aba2-3d79e0703b80&Prime; header_font_size=\u00a0\u00bb16px\u00a0\u00bb header_line_height=\u00a0\u00bb1.6em\u00a0\u00bb body_font_size=\u00a0\u00bb16px\u00a0\u00bb image_icon_custom_padding=\u00a0\u00bb|||10px|false|false\u00a0\u00bb custom_padding_tablet=\u00a0\u00bb30px||||false|false\u00a0\u00bb custom_padding_phone=\u00a0\u00bb30px||||false|false\u00a0\u00bb custom_padding_last_edited=\u00a0\u00bbon|tablet\u00a0\u00bb link_option_url=\u00a0\u00bb#\u00a0\u00bb locked=\u00a0\u00bboff\u00a0\u00bb global_colors_info=\u00a0\u00bb{%22gcid-c280e6cd-08ed-4b36-aba2-3d79e0703b80%22:%91%22header_text_color%22,%22header_text_color%22,%22header_text_color%22,%22header_text_color%22,%22icon_color%22%93}\u00a0\u00bb]<\/p>\n<p>0 biens affich\u00e9s sur 10, list\u00e9s depuis 30 jours<\/p>\n<p>[\/et_pb_blurb][\/et_pb_column][et_pb_column type=\u00a0\u00bb1_3&Prime; _builder_version=\u00a0\u00bb4.14.7&Prime; _module_preset=\u00a0\u00bbdefault\u00a0\u00bb global_colors_info=\u00a0\u00bb{}\u00a0\u00bb][\/et_pb_column][\/et_pb_row][et_pb_row _builder_version=\u00a0\u00bb4.14.7&Prime; _module_preset=\u00a0\u00bbdefault\u00a0\u00bb background_color=\u00a0\u00bb#FFFFFF\u00a0\u00bb custom_padding=\u00a0\u00bb0px|||20px|false|false\u00a0\u00bb global_colors_info=\u00a0\u00bb{}\u00a0\u00bb][et_pb_column type=\u00a0\u00bb4_4&Prime; _builder_version=\u00a0\u00bb4.14.7&Prime; _module_preset=\u00a0\u00bbdefault\u00a0\u00bb global_colors_info=\u00a0\u00bb{}\u00a0\u00bb][et_pb_button button_url=\u00a0\u00bbhttps:\/\/orion.designpik.net\/add-listing\/\u00a0\u00bb button_text=\u00a0\u00bbAjouter une liste\u00a0\u00bb _builder_version=\u00a0\u00bb4.14.7&Prime; _module_preset=\u00a0\u00bbdefault\u00a0\u00bb button_border_width=\u00a0\u00bb2px\u00a0\u00bb button_border_color=\u00a0\u00bbgcid-aacaefc5-8032-48c0-9904-1cd768407280&Prime; custom_margin_tablet=\u00a0\u00bb|||26px|false|false\u00a0\u00bb custom_margin_phone=\u00a0\u00bb|||6px|false|false\u00a0\u00bb custom_margin_last_edited=\u00a0\u00bbon|tablet\u00a0\u00bb custom_padding=\u00a0\u00bb10px|30px|10px|30px|true|true\u00a0\u00bb custom_padding_tablet=\u00a0\u00bb10px|30px|10px|30px|true|true\u00a0\u00bb custom_padding_phone=\u00a0\u00bb10px|30px|10px|30px|true|true\u00a0\u00bb custom_padding_last_edited=\u00a0\u00bbon|tablet\u00a0\u00bb global_colors_info=\u00a0\u00bb{%22gcid-aacaefc5-8032-48c0-9904-1cd768407280%22:%91%22button_bg_color%22,%22button_border_color%22,%22button_border_color__hover%22,%22button_text_color__hover%22%93}\u00a0\u00bb button_border_color__hover_enabled=\u00a0\u00bbon|hover\u00a0\u00bb button_border_color__hover=\u00a0\u00bb#ff5a5f\u00a0\u00bb button_bg_color__hover_enabled=\u00a0\u00bbon|hover\u00a0\u00bb button_bg_color__hover=\u00a0\u00bb#FFFFFF\u00a0\u00bb button_bg_enable_color__hover=\u00a0\u00bbon\u00a0\u00bb button_text_color__hover_enabled=\u00a0\u00bbon|desktop\u00a0\u00bb button_text_color__hover=\u00a0\u00bb#ff5a5f\u00a0\u00bb][\/et_pb_button][\/et_pb_column][\/et_pb_row][\/et_pb_section][et_pb_section fb_built=\u00a0\u00bb1&Prime; _builder_version=\u00a0\u00bb4.14.7&Prime; _module_preset=\u00a0\u00bbdefault\u00a0\u00bb background_color=\u00a0\u00bb#f7f7f7&Prime; custom_padding=\u00a0\u00bb0px||0px||true|false\u00a0\u00bb global_colors_info=\u00a0\u00bb{}\u00a0\u00bb][et_pb_row _builder_version=\u00a0\u00bb4.14.7&Prime; _module_preset=\u00a0\u00bbdefault\u00a0\u00bb width_tablet=\u00a0\u00bb\u00a0\u00bb width_phone=\u00a0\u00bb95%\u00a0\u00bb width_last_edited=\u00a0\u00bbon|phone\u00a0\u00bb global_colors_info=\u00a0\u00bb{}\u00a0\u00bb][et_pb_column type=\u00a0\u00bb4_4&Prime; _builder_version=\u00a0\u00bb4.14.4&Prime; _module_preset=\u00a0\u00bbdefault\u00a0\u00bb global_colors_info=\u00a0\u00bb{}\u00a0\u00bb][et_pb_text _builder_version=\u00a0\u00bb4.14.7&Prime; _module_preset=\u00a0\u00bbdefault\u00a0\u00bb header_2_text_align=\u00a0\u00bbleft\u00a0\u00bb hover_enabled=\u00a0\u00bb0&Prime; global_colors_info=\u00a0\u00bb{}\u00a0\u00bb sticky_enabled=\u00a0\u00bb0&Prime;]<\/p>\n<h2>Vos paquets<\/h2>\n<p>[\/et_pb_text][et_pb_text _builder_version=\u00a0\u00bb4.14.7&Prime; _module_preset=\u00a0\u00bbdefault\u00a0\u00bb width=\u00a0\u00bb64%\u00a0\u00bb width_tablet=\u00a0\u00bb64%\u00a0\u00bb width_phone=\u00a0\u00bb100%\u00a0\u00bb width_last_edited=\u00a0\u00bbon|phone\u00a0\u00bb text_orientation_phone=\u00a0\u00bbleft\u00a0\u00bb text_orientation_last_edited=\u00a0\u00bboff|desktop\u00a0\u00bb global_colors_info=\u00a0\u00bb{}\u00a0\u00bb]<\/p>\n<p>Lorem ipsum dolor sit amet, consectetur adipiscing elit. Pretium pulvinar ac molestie cursus malesuada enim. Massa nec tellus, elit tellus, erat faucibus aenean. Nunc, lacus, dignissim nec sit.   <\/p>\n<p>[\/et_pb_text][\/et_pb_column][\/et_pb_row][et_pb_row column_structure=\u00a0\u00bb1_3,1_3,1_3&Prime; use_custom_gutter=\u00a0\u00bbon\u00a0\u00bb _builder_version=\u00a0\u00bb4.14.7&Prime; _module_preset=\u00a0\u00bbdefault\u00a0\u00bb width_tablet=\u00a0\u00bb\u00a0\u00bb width_phone=\u00a0\u00bb95%\u00a0\u00bb width_last_edited=\u00a0\u00bbon|phone\u00a0\u00bb global_colors_info=\u00a0\u00bb{}\u00a0\u00bb][et_pb_column type=\u00a0\u00bb1_3&Prime; _builder_version=\u00a0\u00bb4.14.7&Prime; _module_preset=\u00a0\u00bbdefault\u00a0\u00bb background_color=\u00a0\u00bb#FFFFFF\u00a0\u00bb custom_padding=\u00a0\u00bb7px|7px|7px|7px|true|true\u00a0\u00bb border_radii=\u00a0\u00bbon|5px|5px|5px|5px\u00a0\u00bb border_width_all=\u00a0\u00bb1px\u00a0\u00bb border_color_all=\u00a0\u00bb#eaecf1&Prime; global_colors_info=\u00a0\u00bb{}\u00a0\u00bb][et_pb_pricing_tables header_background_color=\u00a0\u00bb#E02B20&Prime; _builder_version=\u00a0\u00bb4.14.7&Prime; _module_preset=\u00a0\u00bbdefault\u00a0\u00bb header_font=\u00a0\u00bb|800|||||||\u00a0\u00bb header_font_size=\u00a0\u00bb30px\u00a0\u00bb body_font=\u00a0\u00bb||||||||\u00a0\u00bb body_font_size=\u00a0\u00bb16px\u00a0\u00bb price_font=\u00a0\u00bbRoboto|700|||||||\u00a0\u00bb custom_button=\u00a0\u00bbon\u00a0\u00bb button_bg_color=\u00a0\u00bb#E02B20&Prime; custom_padding=\u00a0\u00bb||||false|false\u00a0\u00bb global_colors_info=\u00a0\u00bb{}\u00a0\u00bb][et_pb_pricing_table title=\u00a0\u00bbPlan standard\u00a0\u00bb currency=\u00a0\u00bb$\u00a0\u00bb sum=\u00a0\u00bb49&Prime; price_background_color=\u00a0\u00bb#e5f6fe\u00a0\u00bb header_background_color=\u00a0\u00bb#e5f6fe\u00a0\u00bb _builder_version=\u00a0\u00bb4.14.7&Prime; _module_preset=\u00a0\u00bbdefault\u00a0\u00bb price_text_color=\u00a0\u00bb#03a9f4&Prime; header_font=\u00a0\u00bbNunito|800|||||||\u00a0\u00bb header_text_color=\u00a0\u00bbgcid-c280e6cd-08ed-4b36-aba2-3d79e0703b80&Prime; header_font_size=\u00a0\u00bb17px\u00a0\u00bb header_line_height=\u00a0\u00bb2em\u00a0\u00bb body_line_height=\u00a0\u00bb1.9em\u00a0\u00bb price_font=\u00a0\u00bb|600|||||||\u00a0\u00bb price_font_size=\u00a0\u00bb65px\u00a0\u00bb price_line_height=\u00a0\u00bb54px\u00a0\u00bb currency_frequency_font=\u00a0\u00bb|700|||||||\u00a0\u00bb currency_frequency_text_color=\u00a0\u00bb#03a9f4&Prime; currency_frequency_line_height=\u00a0\u00bb1em\u00a0\u00bb background_color=\u00a0\u00bbRGBA(255,255,255,0)\u00a0\u00bb background_enable_color=\u00a0\u00bbon\u00a0\u00bb custom_button=\u00a0\u00bbon\u00a0\u00bb button_text_color=\u00a0\u00bb#000000&Prime; button_bg_color=\u00a0\u00bb#E09900&Prime; custom_css_pricing_heading=\u00a0\u00bbtop:80px;||z-index:1&Prime; custom_css_pricing_top=\u00a0\u00bbtop:-58px;\u00a0\u00bb border_radii=\u00a0\u00bbon|5px|5px|5px|5px\u00a0\u00bb border_width_all=\u00a0\u00bb0px\u00a0\u00bb border_radii_price=\u00a0\u00bbon|5px|5px|5px|5px\u00a0\u00bb border_style_all_price=\u00a0\u00bbnone\u00a0\u00bb global_colors_info=\u00a0\u00bb{%22gcid-c280e6cd-08ed-4b36-aba2-3d79e0703b80%22:%91%22header_text_color%22%93}\u00a0\u00bb sticky_transition=\u00a0\u00bbon\u00a0\u00bb]<\/p>\n<p>10 listes de propri\u00e9t\u00e9s<br \/>Disponibilit\u00e9 pendant 30 jours<br \/>Propri\u00e9t\u00e9s en vedette<br \/>Support limit\u00e9<\/p>\n<p>[\/et_pb_pricing_table][\/et_pb_pricing_tables][\/et_pb_column][et_pb_column type=\u00a0\u00bb1_3&Prime; _builder_version=\u00a0\u00bb4.14.7&Prime; _module_preset=\u00a0\u00bbdefault\u00a0\u00bb background_color=\u00a0\u00bb#FFFFFF\u00a0\u00bb custom_padding=\u00a0\u00bb7px|7px|7px|7px|true|true\u00a0\u00bb border_radii=\u00a0\u00bbon|5px|5px|5px|5px\u00a0\u00bb border_width_all=\u00a0\u00bb1px\u00a0\u00bb border_color_all=\u00a0\u00bb#eaecf1&Prime; global_colors_info=\u00a0\u00bb{}\u00a0\u00bb][et_pb_pricing_tables header_background_color=\u00a0\u00bb#E02B20&Prime; bullet_color=\u00a0\u00bb#27b737&Prime; _builder_version=\u00a0\u00bb4.14.7&Prime; _module_preset=\u00a0\u00bbdefault\u00a0\u00bb body_font_size=\u00a0\u00bb16px\u00a0\u00bb price_font=\u00a0\u00bbRoboto|700|||||||\u00a0\u00bb custom_padding=\u00a0\u00bb||||false|false\u00a0\u00bb global_colors_info=\u00a0\u00bb{}\u00a0\u00bb][et_pb_pricing_table title=\u00a0\u00bbPlan \u00e9tendu\u00a0\u00bb currency=\u00a0\u00bb$\u00a0\u00bb sum=\u00a0\u00bb149&Prime; price_background_color=\u00a0\u00bb#e9f8eb\u00a0\u00bb header_background_color=\u00a0\u00bb#e9f8eb\u00a0\u00bb _builder_version=\u00a0\u00bb4.14.7&Prime; _module_preset=\u00a0\u00bbdefault\u00a0\u00bb price_text_color=\u00a0\u00bb#27b737&Prime; header_font=\u00a0\u00bbNunito|800|||||||\u00a0\u00bb header_text_color=\u00a0\u00bbgcid-c280e6cd-08ed-4b36-aba2-3d79e0703b80&Prime; header_font_size=\u00a0\u00bb17px\u00a0\u00bb header_line_height=\u00a0\u00bb2em\u00a0\u00bb body_line_height=\u00a0\u00bb1.9em\u00a0\u00bb price_font=\u00a0\u00bb|600|||||||\u00a0\u00bb price_font_size=\u00a0\u00bb65px\u00a0\u00bb price_line_height=\u00a0\u00bb54px\u00a0\u00bb currency_frequency_font=\u00a0\u00bb|700|||||||\u00a0\u00bb currency_frequency_text_color=\u00a0\u00bb#27b737&Prime; currency_frequency_line_height=\u00a0\u00bb1em\u00a0\u00bb background_color=\u00a0\u00bbRGBA(255,255,255,0)\u00a0\u00bb background_enable_color=\u00a0\u00bbon\u00a0\u00bb custom_button=\u00a0\u00bbon\u00a0\u00bb button_text_color=\u00a0\u00bb#000000&Prime; custom_css_pricing_heading=\u00a0\u00bbtop:80px;||z-index:1&Prime; custom_css_pricing_top=\u00a0\u00bbtop:-58px;\u00a0\u00bb border_radii=\u00a0\u00bbon|5px|5px|5px|5px\u00a0\u00bb border_width_all=\u00a0\u00bb0px\u00a0\u00bb border_radii_price=\u00a0\u00bbon|5px|5px|5px|5px\u00a0\u00bb border_style_all_price=\u00a0\u00bbnone\u00a0\u00bb global_colors_info=\u00a0\u00bb{%22gcid-c280e6cd-08ed-4b36-aba2-3d79e0703b80%22:%91%22header_text_color%22%93}\u00a0\u00bb sticky_transition=\u00a0\u00bbon\u00a0\u00bb]<\/p>\n<p>20 Listes de propri\u00e9t\u00e9s<br \/>Disponibilit\u00e9 dans les 60 jours<br \/>Propri\u00e9t\u00e9s en vedette<br \/>Assistance limit\u00e9e<\/p>\n<p>[\/et_pb_pricing_table][\/et_pb_pricing_tables][\/et_pb_column][et_pb_column type=\u00a0\u00bb1_3&Prime; _builder_version=\u00a0\u00bb4.14.7&Prime; _module_preset=\u00a0\u00bbdefault\u00a0\u00bb background_color=\u00a0\u00bb#FFFFFF\u00a0\u00bb custom_padding=\u00a0\u00bb7px|7px|7px|7px|true|true\u00a0\u00bb border_radii=\u00a0\u00bbon|5px|5px|5px|5px\u00a0\u00bb border_width_all=\u00a0\u00bb1px\u00a0\u00bb border_color_all=\u00a0\u00bb#eaecf1&Prime; global_colors_info=\u00a0\u00bb{}\u00a0\u00bb][et_pb_pricing_tables header_background_color=\u00a0\u00bb#E02B20&Prime; _builder_version=\u00a0\u00bb4.14.7&Prime; _module_preset=\u00a0\u00bbdefault\u00a0\u00bb body_font_size=\u00a0\u00bb16px\u00a0\u00bb price_font=\u00a0\u00bbRoboto|700|||||||\u00a0\u00bb custom_padding=\u00a0\u00bb||||false|false\u00a0\u00bb global_colors_info=\u00a0\u00bb{}\u00a0\u00bb][et_pb_pricing_table title=\u00a0\u00bbPlan Premium\u00a0\u00bb currency=\u00a0\u00bb$\u00a0\u00bb sum=\u00a0\u00bb249&Prime; bullet_color=\u00a0\u00bb#fd5332&Prime; price_background_color=\u00a0\u00bb#ffedea\u00a0\u00bb header_background_color=\u00a0\u00bb#ffedea\u00a0\u00bb _builder_version=\u00a0\u00bb4.14.7&Prime; _module_preset=\u00a0\u00bbdefault\u00a0\u00bb price_text_color=\u00a0\u00bb#fd5332&Prime; header_font=\u00a0\u00bbNunito|800|||||||\u00a0\u00bb header_text_color=\u00a0\u00bbgcid-c280e6cd-08ed-4b36-aba2-3d79e0703b80&Prime; header_font_size=\u00a0\u00bb17px\u00a0\u00bb header_line_height=\u00a0\u00bb2em\u00a0\u00bb body_line_height=\u00a0\u00bb1.9em\u00a0\u00bb price_font=\u00a0\u00bb|600|||||||\u00a0\u00bb price_font_size=\u00a0\u00bb65px\u00a0\u00bb price_line_height=\u00a0\u00bb54px\u00a0\u00bb currency_frequency_font=\u00a0\u00bb|700|||||||\u00a0\u00bb currency_frequency_text_color=\u00a0\u00bb#fd5332&Prime; currency_frequency_line_height=\u00a0\u00bb1em\u00a0\u00bb background_color=\u00a0\u00bbRGBA(255,255,255,0)\u00a0\u00bb background_enable_color=\u00a0\u00bbon\u00a0\u00bb custom_button=\u00a0\u00bbon\u00a0\u00bb button_text_color=\u00a0\u00bb#000000&Prime; custom_css_pricing_heading=\u00a0\u00bbtop:80px;||z-index:1&Prime; custom_css_pricing_top=\u00a0\u00bbtop:-58px;\u00a0\u00bb border_radii=\u00a0\u00bbon|5px|5px|5px|5px\u00a0\u00bb border_width_all=\u00a0\u00bb0px\u00a0\u00bb border_radii_price=\u00a0\u00bbon|5px|5px|5px|5px\u00a0\u00bb border_style_all_price=\u00a0\u00bbnone\u00a0\u00bb global_colors_info=\u00a0\u00bb{%22gcid-c280e6cd-08ed-4b36-aba2-3d79e0703b80%22:%91%22header_text_color%22%93}\u00a0\u00bb sticky_transition=\u00a0\u00bbon\u00a0\u00bb]<\/p>\n<p>30 listes de propri\u00e9t\u00e9s<br \/>90 jours de disponibilit\u00e9<br \/>Propri\u00e9t\u00e9s vedettes<br \/>Assistance 24\/7<\/p>\n<p>[\/et_pb_pricing_table][\/et_pb_pricing_tables][\/et_pb_column][\/et_pb_row][\/et_pb_section]<\/p>\n","protected":false},"excerpt":{"rendered":"<p>Prix des forfaits0 biens affich\u00e9s sur 10, list\u00e9s depuis 30 jours0 biens affich\u00e9s sur 10, list\u00e9s depuis 30 jours0 biens affich\u00e9s sur 10, list\u00e9s depuis 30 jours0 biens affich\u00e9s sur 10, list\u00e9s depuis 30 jours0 biens affich\u00e9s sur 10, list\u00e9s depuis 30 joursVos paquetsLorem ipsum dolor sit amet, consectetur adipiscing elit. Pretium pulvinar ac molestie [&hellip;]<\/p>\n","protected":false},"author":1,"featured_media":0,"parent":0,"menu_order":0,"comment_status":"closed","ping_status":"closed","template":"","meta":{"_et_pb_use_builder":"on","_et_pb_old_content":"","_et_gb_content_width":"","footnotes":""},"class_list":["post-100827","page","type-page","status-publish","hentry"],"_links":{"self":[{"href":"https:\/\/louerquorum.com\/fr\/wp-json\/wp\/v2\/pages\/100827","targetHints":{"allow":["GET"]}}],"collection":[{"href":"https:\/\/louerquorum.com\/fr\/wp-json\/wp\/v2\/pages"}],"about":[{"href":"https:\/\/louerquorum.com\/fr\/wp-json\/wp\/v2\/types\/page"}],"author":[{"embeddable":true,"href":"https:\/\/louerquorum.com\/fr\/wp-json\/wp\/v2\/users\/1"}],"replies":[{"embeddable":true,"href":"https:\/\/louerquorum.com\/fr\/wp-json\/wp\/v2\/comments?post=100827"}],"version-history":[{"count":2,"href":"https:\/\/louerquorum.com\/fr\/wp-json\/wp\/v2\/pages\/100827\/revisions"}],"predecessor-version":[{"id":100829,"href":"https:\/\/louerquorum.com\/fr\/wp-json\/wp\/v2\/pages\/100827\/revisions\/100829"}],"wp:attachment":[{"href":"https:\/\/louerquorum.com\/fr\/wp-json\/wp\/v2\/media?parent=100827"}],"curies":[{"name":"wp","href":"https:\/\/api.w.org\/{rel}","templated":true}]}}