{"id":100833,"date":"2022-01-18T10:36:48","date_gmt":"2022-01-18T10:36:48","guid":{"rendered":"https:\/\/louerquorum.com\/liste-des-agents\/"},"modified":"2025-04-04T15:00:50","modified_gmt":"2025-04-04T15:00:50","slug":"liste-des-agents","status":"publish","type":"page","link":"https:\/\/louerquorum.com\/fr\/liste-des-agents\/","title":{"rendered":"Liste des agents"},"content":{"rendered":"<p>[et_pb_section fb_built=\u00a0\u00bb1&Prime; custom_padding_last_edited=\u00a0\u00bbon|phone\u00a0\u00bb _builder_version=\u00a0\u00bb4.14.7&Prime; _module_preset=\u00a0\u00bbdefault\u00a0\u00bb custom_padding_tablet=\u00a0\u00bb\u00a0\u00bb custom_padding_phone=\u00a0\u00bb0px||0px||true|false\u00a0\u00bb global_colors_info=\u00a0\u00bb{}\u00a0\u00bb][et_pb_row _builder_version=\u00a0\u00bb4.14.7&Prime; _module_preset=\u00a0\u00bbdefault\u00a0\u00bb width_tablet=\u00a0\u00bb95%\u00a0\u00bb width_phone=\u00a0\u00bb95%\u00a0\u00bb width_last_edited=\u00a0\u00bbon|tablet\u00a0\u00bb locked=\u00a0\u00bboff\u00a0\u00bb global_colors_info=\u00a0\u00bb{}\u00a0\u00bb][et_pb_column type=\u00a0\u00bb4_4&Prime; _builder_version=\u00a0\u00bb4.14.4&Prime; _module_preset=\u00a0\u00bbdefault\u00a0\u00bb global_colors_info=\u00a0\u00bb{}\u00a0\u00bb][et_pb_text _builder_version=\u00a0\u00bb4.14.7&Prime; _module_preset=\u00a0\u00bbdefault\u00a0\u00bb header_2_text_align=\u00a0\u00bbcenter\u00a0\u00bb hover_enabled=\u00a0\u00bb0&Prime; global_colors_info=\u00a0\u00bb{}\u00a0\u00bb sticky_enabled=\u00a0\u00bb0&Prime;]<\/p>\n<h2>D\u00e9couvrez nos meilleurs agents<\/h2>\n<p>[\/et_pb_text][et_pb_text _builder_version=\u00a0\u00bb4.14.7&Prime; _module_preset=\u00a0\u00bbdefault\u00a0\u00bb text_orientation=\u00a0\u00bbcenter\u00a0\u00bb width=\u00a0\u00bb65%\u00a0\u00bb width_tablet=\u00a0\u00bb80%\u00a0\u00bb width_phone=\u00a0\u00bb96%\u00a0\u00bb width_last_edited=\u00a0\u00bbon|phone\u00a0\u00bb module_alignment=\u00a0\u00bbcenter\u00a0\u00bb global_colors_info=\u00a0\u00bb{}\u00a0\u00bb]<\/p>\n<p>Lorem ipsum dolor sit amet, consectetur adipiscing elit. Pretium pulvinar ac molestie cursus malesuada enim. Massa nec tellus, elit tellus, erat faucibus aenean. Nunc, lacus, dignissim nec sit.   <\/p>\n<p>[\/et_pb_text][\/et_pb_column][\/et_pb_row][et_pb_row column_structure=\u00a0\u00bb1_3,1_3,1_3&Prime; use_custom_gutter=\u00a0\u00bbon\u00a0\u00bb gutter_width=\u00a0\u00bb3&Prime; _builder_version=\u00a0\u00bb4.14.6&Prime; _module_preset=\u00a0\u00bbdefault\u00a0\u00bb global_colors_info=\u00a0\u00bb{}\u00a0\u00bb][et_pb_column type=\u00a0\u00bb1_3&Prime; _builder_version=\u00a0\u00bb4.14.6&Prime; _module_preset=\u00a0\u00bbdefault\u00a0\u00bb background_color=\u00a0\u00bb#f3f4f8&Prime; custom_padding=\u00a0\u00bb30px||30px||true|false\u00a0\u00bb custom_padding_tablet=\u00a0\u00bb30px||30px|110px|true|false\u00a0\u00bb custom_padding_phone=\u00a0\u00bb|||0px|true|false\u00a0\u00bb custom_padding_last_edited=\u00a0\u00bbon|phone\u00a0\u00bb link_option_url=\u00a0\u00bbhttps:\/\/orion.designpik.net\/author-profile\/kathiecorl\/directory\/realestate\/\u00a0\u00bb global_colors_info=\u00a0\u00bb{}\u00a0\u00bb][et_pb_team_member name=\u00a0\u00bbkathiecorl\u00a0\u00bb position=\u00a0\u00bbAgent\u00a0\u00bb image_url=\u00a0\u00bbhttps:\/\/louerquorum.com\/wp-content\/uploads\/2025\/03\/Orion-clients-10-2.jpg\u00a0\u00bb facebook_url=\u00a0\u00bb#\u00a0\u00bb twitter_url=\u00a0\u00bb#\u00a0\u00bb linkedin_url=\u00a0\u00bb#\u00a0\u00bb icon_color=\u00a0\u00bb#FFFFFF\u00a0\u00bb _builder_version=\u00a0\u00bb4.14.7&Prime; _module_preset=\u00a0\u00bbdefault\u00a0\u00bb header_font=\u00a0\u00bb|800|||||||\u00a0\u00bb header_font_size=\u00a0\u00bb20px\u00a0\u00bb body_font=\u00a0\u00bb|700|||||||\u00a0\u00bb body_text_color=\u00a0\u00bb#000000&Prime; position_font=\u00a0\u00bb|600|||||||\u00a0\u00bb position_text_color=\u00a0\u00bbgcid-c280e6cd-08ed-4b36-aba2-3d79e0703b80&Prime; custom_margin=\u00a0\u00bb|||30px|false|false\u00a0\u00bb custom_margin_tablet=\u00a0\u00bb\u00a0\u00bb custom_margin_phone=\u00a0\u00bb|30px||30px|false|true\u00a0\u00bb custom_margin_last_edited=\u00a0\u00bbon|phone\u00a0\u00bb custom_css_member_social_links=\u00a0\u00bbbackground-color:#ff5c5f;||padding:40px 20px;||width:20%;||position:absolute;||top:60px;\u00a0\u00bb global_colors_info=\u00a0\u00bb{%22gcid-c280e6cd-08ed-4b36-aba2-3d79e0703b80%22:%91%22position_text_color%22%93}\u00a0\u00bb icon_color__hover_enabled=\u00a0\u00bbon|desktop\u00a0\u00bb icon_color__hover=\u00a0\u00bb#000000&Prime; custom_css_member_social_links__hover_enabled=\u00a0\u00bboff|desktop\u00a0\u00bb custom_css_member_social_links__hover=\u00a0\u00bbopacity:1&Prime; custom_css_member_social_links_last_edited=\u00a0\u00bbon|phone\u00a0\u00bb custom_css_member_social_links_tablet=\u00a0\u00bbbackground-color:#ff5c5f;||padding:40px 40px;||width:20%;||position:absolute;||top:60px;\u00a0\u00bb custom_css_member_social_links_phone=\u00a0\u00bbbackground-color:#ff5c5f;||padding:40px 20px;||width:20%;||position:absolute;||top:25px;\u00a0\u00bb]<\/p>\n<p>20 Propri\u00e9t\u00e9s<\/p>\n<p>[\/et_pb_team_member][\/et_pb_column][et_pb_column type=\u00a0\u00bb1_3&Prime; _builder_version=\u00a0\u00bb4.14.6&Prime; _module_preset=\u00a0\u00bbdefault\u00a0\u00bb background_color=\u00a0\u00bb#f3f4f8&Prime; custom_padding=\u00a0\u00bb30px||30px||true|false\u00a0\u00bb custom_padding_tablet=\u00a0\u00bb30px||30px|110px|true|false\u00a0\u00bb custom_padding_phone=\u00a0\u00bb|||0px|true|false\u00a0\u00bb custom_padding_last_edited=\u00a0\u00bbon|phone\u00a0\u00bb link_option_url=\u00a0\u00bbhttps:\/\/orion.designpik.net\/author-profile\/veeya\/directory\/realestate\/\u00a0\u00bb global_colors_info=\u00a0\u00bb{}\u00a0\u00bb][et_pb_team_member name=\u00a0\u00bbVeeya\u00a0\u00bb position=\u00a0\u00bbAgent\u00a0\u00bb image_url=\u00a0\u00bbhttps:\/\/louerquorum.com\/wp-content\/uploads\/2025\/03\/Orion-clients-1.jpg\u00a0\u00bb facebook_url=\u00a0\u00bb#\u00a0\u00bb twitter_url=\u00a0\u00bb#\u00a0\u00bb linkedin_url=\u00a0\u00bb#\u00a0\u00bb icon_color=\u00a0\u00bb#FFFFFF\u00a0\u00bb _builder_version=\u00a0\u00bb4.14.7&Prime; _module_preset=\u00a0\u00bbdefault\u00a0\u00bb header_font=\u00a0\u00bb|800|||||||\u00a0\u00bb header_font_size=\u00a0\u00bb20px\u00a0\u00bb body_font=\u00a0\u00bb|700|||||||\u00a0\u00bb body_text_color=\u00a0\u00bb#000000&Prime; position_font=\u00a0\u00bb|600|||||||\u00a0\u00bb position_text_color=\u00a0\u00bbgcid-c280e6cd-08ed-4b36-aba2-3d79e0703b80&Prime; custom_margin=\u00a0\u00bb|||30px|false|false\u00a0\u00bb custom_margin_tablet=\u00a0\u00bb\u00a0\u00bb custom_margin_phone=\u00a0\u00bb|30px||30px|false|true\u00a0\u00bb custom_margin_last_edited=\u00a0\u00bbon|phone\u00a0\u00bb custom_css_member_social_links=\u00a0\u00bbbackground-color:#ff5c5f;||padding:40px 20px;||width:20%;||position:absolute;||top:60px;\u00a0\u00bb global_colors_info=\u00a0\u00bb{%22gcid-c280e6cd-08ed-4b36-aba2-3d79e0703b80%22:%91%22position_text_color%22%93}\u00a0\u00bb icon_color__hover_enabled=\u00a0\u00bbon|desktop\u00a0\u00bb icon_color__hover=\u00a0\u00bb#000000&Prime; custom_css_member_social_links__hover_enabled=\u00a0\u00bboff|desktop\u00a0\u00bb custom_css_member_social_links__hover=\u00a0\u00bbopacity:1&Prime; custom_css_member_social_links_last_edited=\u00a0\u00bbon|tablet\u00a0\u00bb custom_css_member_social_links_tablet=\u00a0\u00bbbackground-color:#ff5c5f;||padding:40px 40px;||width:20%;||position:absolute;||top:60px;\u00a0\u00bb custom_css_member_social_links_phone=\u00a0\u00bbbackground-color:#ff5c5f;||padding:40px 20px;||width:20%;||position:absolute;||top:25px;\u00a0\u00bb]<\/p>\n<p>10 Propri\u00e9t\u00e9s<\/p>\n<p>[\/et_pb_team_member][\/et_pb_column][et_pb_column type=\u00a0\u00bb1_3&Prime; _builder_version=\u00a0\u00bb4.14.6&Prime; _module_preset=\u00a0\u00bbdefault\u00a0\u00bb background_color=\u00a0\u00bb#f3f4f8&Prime; custom_padding=\u00a0\u00bb30px||30px||true|false\u00a0\u00bb custom_padding_tablet=\u00a0\u00bb30px||30px|110px|true|false\u00a0\u00bb custom_padding_phone=\u00a0\u00bb|||0px|true|false\u00a0\u00bb custom_padding_last_edited=\u00a0\u00bbon|phone\u00a0\u00bb link_option_url=\u00a0\u00bbhttps:\/\/orion.designpik.net\/author-profile\/Sermon\/directory\/realestate\/\u00a0\u00bb global_colors_info=\u00a0\u00bb{}\u00a0\u00bb][et_pb_team_member name=\u00a0\u00bbSermon\u00a0\u00bb position=\u00a0\u00bbAgent\u00a0\u00bb image_url=\u00a0\u00bbhttps:\/\/louerquorum.com\/wp-content\/uploads\/2025\/03\/Orion-clients-9-3.jpg\u00a0\u00bb facebook_url=\u00a0\u00bb#\u00a0\u00bb twitter_url=\u00a0\u00bb#\u00a0\u00bb linkedin_url=\u00a0\u00bb#\u00a0\u00bb icon_color=\u00a0\u00bb#FFFFFF\u00a0\u00bb _builder_version=\u00a0\u00bb4.14.7&Prime; _module_preset=\u00a0\u00bbdefault\u00a0\u00bb header_font=\u00a0\u00bb|800|||||||\u00a0\u00bb header_font_size=\u00a0\u00bb20px\u00a0\u00bb body_font=\u00a0\u00bb|700|||||||\u00a0\u00bb body_text_color=\u00a0\u00bb#000000&Prime; position_font=\u00a0\u00bb|600|||||||\u00a0\u00bb position_text_color=\u00a0\u00bbgcid-c280e6cd-08ed-4b36-aba2-3d79e0703b80&Prime; custom_margin=\u00a0\u00bb|||30px|false|false\u00a0\u00bb custom_margin_tablet=\u00a0\u00bb\u00a0\u00bb custom_margin_phone=\u00a0\u00bb|30px||30px|false|true\u00a0\u00bb custom_margin_last_edited=\u00a0\u00bbon|phone\u00a0\u00bb custom_css_member_social_links=\u00a0\u00bbbackground-color:#ff5c5f;||padding:40px 20px;||width:20%;||position:absolute;||top:60px;\u00a0\u00bb global_colors_info=\u00a0\u00bb{%22gcid-c280e6cd-08ed-4b36-aba2-3d79e0703b80%22:%91%22position_text_color%22%93}\u00a0\u00bb icon_color__hover_enabled=\u00a0\u00bbon|desktop\u00a0\u00bb icon_color__hover=\u00a0\u00bb#000000&Prime; custom_css_member_social_links__hover_enabled=\u00a0\u00bboff|desktop\u00a0\u00bb custom_css_member_social_links__hover=\u00a0\u00bbopacity:1&Prime; custom_css_member_social_links_last_edited=\u00a0\u00bbon|phone\u00a0\u00bb custom_css_member_social_links_tablet=\u00a0\u00bbbackground-color:#ff5c5f;||padding:40px 40px;||width:20%;||position:absolute;||top:60px;\u00a0\u00bb custom_css_member_social_links_phone=\u00a0\u00bbbackground-color:#ff5c5f;||padding:40px 20px;||width:20%;||position:absolute;||top:25px;\u00a0\u00bb]<\/p>\n<p>15 Propri\u00e9t\u00e9s<\/p>\n<p>[\/et_pb_team_member][\/et_pb_column][\/et_pb_row][et_pb_row column_structure=\u00a0\u00bb1_3,1_3,1_3&Prime; use_custom_gutter=\u00a0\u00bbon\u00a0\u00bb gutter_width=\u00a0\u00bb3&Prime; _builder_version=\u00a0\u00bb4.14.6&Prime; _module_preset=\u00a0\u00bbdefault\u00a0\u00bb global_colors_info=\u00a0\u00bb{}\u00a0\u00bb][et_pb_column type=\u00a0\u00bb1_3&Prime; _builder_version=\u00a0\u00bb4.14.6&Prime; _module_preset=\u00a0\u00bbdefault\u00a0\u00bb background_color=\u00a0\u00bb#f3f4f8&Prime; custom_padding=\u00a0\u00bb30px||30px||true|false\u00a0\u00bb custom_padding_tablet=\u00a0\u00bb30px||30px|110px|true|false\u00a0\u00bb custom_padding_phone=\u00a0\u00bb|||0px|true|false\u00a0\u00bb custom_padding_last_edited=\u00a0\u00bbon|phone\u00a0\u00bb link_option_url=\u00a0\u00bbhttps:\/\/orion.designpik.net\/author-profile\/kathiecorl\/directory\/realestate\/\u00a0\u00bb global_colors_info=\u00a0\u00bb{}\u00a0\u00bb][et_pb_team_member name=\u00a0\u00bbKathie Corl\u00a0\u00bb position=\u00a0\u00bbAcheteur\u00a0\u00bb image_url=\u00a0\u00bbhttps:\/\/louerquorum.com\/wp-content\/uploads\/2025\/03\/alima-assets-teacher-6-4.jpg\u00a0\u00bb facebook_url=\u00a0\u00bb#\u00a0\u00bb twitter_url=\u00a0\u00bb#\u00a0\u00bb linkedin_url=\u00a0\u00bb#\u00a0\u00bb icon_color=\u00a0\u00bb#FFFFFF\u00a0\u00bb _builder_version=\u00a0\u00bb4.14.7&Prime; _module_preset=\u00a0\u00bbdefault\u00a0\u00bb header_font=\u00a0\u00bb|800|||||||\u00a0\u00bb header_font_size=\u00a0\u00bb20px\u00a0\u00bb body_font=\u00a0\u00bb|700|||||||\u00a0\u00bb body_text_color=\u00a0\u00bb#000000&Prime; position_font=\u00a0\u00bb|600|||||||\u00a0\u00bb position_text_color=\u00a0\u00bbgcid-c280e6cd-08ed-4b36-aba2-3d79e0703b80&Prime; custom_margin=\u00a0\u00bb|||30px|false|false\u00a0\u00bb custom_margin_tablet=\u00a0\u00bb\u00a0\u00bb custom_margin_phone=\u00a0\u00bb|30px||30px|false|true\u00a0\u00bb custom_margin_last_edited=\u00a0\u00bbon|phone\u00a0\u00bb custom_css_member_social_links=\u00a0\u00bbbackground-color:#ff5c5f;||padding:40px 20px;||width:20%;||position:absolute;||top:60px;\u00a0\u00bb global_colors_info=\u00a0\u00bb{%22gcid-c280e6cd-08ed-4b36-aba2-3d79e0703b80%22:%91%22position_text_color%22%93}\u00a0\u00bb icon_color__hover_enabled=\u00a0\u00bbon|desktop\u00a0\u00bb icon_color__hover=\u00a0\u00bb#000000&Prime; custom_css_member_social_links__hover_enabled=\u00a0\u00bboff|desktop\u00a0\u00bb custom_css_member_social_links__hover=\u00a0\u00bbopacity:1&Prime; custom_css_member_social_links_last_edited=\u00a0\u00bbon|tablet\u00a0\u00bb custom_css_member_social_links_tablet=\u00a0\u00bbbackground-color:#ff5c5f;||padding:40px 40px;||width:20%;||position:absolute;||top:60px;\u00a0\u00bb custom_css_member_social_links_phone=\u00a0\u00bbbackground-color:#ff5c5f;||padding:40px 20px;||width:20%;||position:absolute;||top:25px;\u00a0\u00bb]<\/p>\n<p>30 Propri\u00e9t\u00e9s<\/p>\n<p>[\/et_pb_team_member][\/et_pb_column][et_pb_column type=\u00a0\u00bb1_3&Prime; _builder_version=\u00a0\u00bb4.14.6&Prime; _module_preset=\u00a0\u00bbdefault\u00a0\u00bb background_color=\u00a0\u00bb#f3f4f8&Prime; custom_padding=\u00a0\u00bb30px||30px||true|false\u00a0\u00bb custom_padding_tablet=\u00a0\u00bb30px||30px|110px|true|false\u00a0\u00bb custom_padding_phone=\u00a0\u00bb|||0px|true|false\u00a0\u00bb custom_padding_last_edited=\u00a0\u00bbon|phone\u00a0\u00bb link_option_url=\u00a0\u00bbhttps:\/\/orion.designpik.net\/author-profile\/Sermon\/directory\/realestate\/\u00a0\u00bb global_colors_info=\u00a0\u00bb{}\u00a0\u00bb][et_pb_team_member name=\u00a0\u00bbJong Helen\u00a0\u00bb position=\u00a0\u00bbAgent\u00a0\u00bb image_url=\u00a0\u00bbhttps:\/\/louerquorum.com\/wp-content\/uploads\/2025\/03\/alima-assets-teacher-6-3.jpg\u00a0\u00bb facebook_url=\u00a0\u00bb#\u00a0\u00bb twitter_url=\u00a0\u00bb#\u00a0\u00bb linkedin_url=\u00a0\u00bb#\u00a0\u00bb icon_color=\u00a0\u00bb#FFFFFF\u00a0\u00bb _builder_version=\u00a0\u00bb4.14.7&Prime; _module_preset=\u00a0\u00bbdefault\u00a0\u00bb header_font=\u00a0\u00bb|800|||||||\u00a0\u00bb header_font_size=\u00a0\u00bb20px\u00a0\u00bb body_font=\u00a0\u00bb|700|||||||\u00a0\u00bb body_text_color=\u00a0\u00bb#000000&Prime; position_font=\u00a0\u00bb|600|||||||\u00a0\u00bb position_text_color=\u00a0\u00bbgcid-c280e6cd-08ed-4b36-aba2-3d79e0703b80&Prime; custom_margin=\u00a0\u00bb|||30px|false|false\u00a0\u00bb custom_margin_tablet=\u00a0\u00bb\u00a0\u00bb custom_margin_phone=\u00a0\u00bb|30px||30px|false|true\u00a0\u00bb custom_margin_last_edited=\u00a0\u00bbon|phone\u00a0\u00bb custom_css_member_social_links=\u00a0\u00bbbackground-color:#ff5c5f;||padding:40px 20px;||width:20%;||position:absolute;||top:60px;\u00a0\u00bb global_colors_info=\u00a0\u00bb{%22gcid-c280e6cd-08ed-4b36-aba2-3d79e0703b80%22:%91%22position_text_color%22%93}\u00a0\u00bb icon_color__hover_enabled=\u00a0\u00bbon|desktop\u00a0\u00bb icon_color__hover=\u00a0\u00bb#000000&Prime; custom_css_member_social_links__hover_enabled=\u00a0\u00bboff|desktop\u00a0\u00bb custom_css_member_social_links__hover=\u00a0\u00bbopacity:1&Prime; custom_css_member_social_links_last_edited=\u00a0\u00bbon|phone\u00a0\u00bb custom_css_member_social_links_tablet=\u00a0\u00bbbackground-color:#ff5c5f;||padding:40px 40px;||width:20%;||position:absolute;||top:60px;\u00a0\u00bb custom_css_member_social_links_phone=\u00a0\u00bbbackground-color:#ff5c5f;||padding:40px 20px;||width:20%;||position:absolute;||top:25px;\u00a0\u00bb]<\/p>\n<p>5 Propri\u00e9t\u00e9s<\/p>\n<p>[\/et_pb_team_member][\/et_pb_column][et_pb_column type=\u00a0\u00bb1_3&Prime; _builder_version=\u00a0\u00bb4.14.6&Prime; _module_preset=\u00a0\u00bbdefault\u00a0\u00bb background_color=\u00a0\u00bb#f3f4f8&Prime; custom_padding=\u00a0\u00bb30px||30px||true|false\u00a0\u00bb custom_padding_tablet=\u00a0\u00bb30px||30px|110px|true|false\u00a0\u00bb custom_padding_phone=\u00a0\u00bb|||0px|true|false\u00a0\u00bb custom_padding_last_edited=\u00a0\u00bbon|phone\u00a0\u00bb link_option_url=\u00a0\u00bbhttps:\/\/orion.designpik.net\/author-profile\/Sermon\/directory\/realestate\/\u00a0\u00bb global_colors_info=\u00a0\u00bb{}\u00a0\u00bb][et_pb_team_member name=\u00a0\u00bbCarter\u00a0\u00bb position=\u00a0\u00bbAgent\u00a0\u00bb image_url=\u00a0\u00bbhttps:\/\/louerquorum.com\/wp-content\/uploads\/2025\/03\/alima-assets-teacher-6-2.jpg\u00a0\u00bb facebook_url=\u00a0\u00bb#\u00a0\u00bb twitter_url=\u00a0\u00bb#\u00a0\u00bb linkedin_url=\u00a0\u00bb#\u00a0\u00bb icon_color=\u00a0\u00bb#FFFFFF\u00a0\u00bb _builder_version=\u00a0\u00bb4.14.7&Prime; _module_preset=\u00a0\u00bbdefault\u00a0\u00bb header_font=\u00a0\u00bb|800|||||||\u00a0\u00bb header_font_size=\u00a0\u00bb20px\u00a0\u00bb body_font=\u00a0\u00bb|700|||||||\u00a0\u00bb body_text_color=\u00a0\u00bb#000000&Prime; position_font=\u00a0\u00bb|600|||||||\u00a0\u00bb position_text_color=\u00a0\u00bbgcid-c280e6cd-08ed-4b36-aba2-3d79e0703b80&Prime; custom_margin=\u00a0\u00bb|||30px|false|false\u00a0\u00bb custom_margin_tablet=\u00a0\u00bb\u00a0\u00bb custom_margin_phone=\u00a0\u00bb|30px||30px|false|true\u00a0\u00bb custom_margin_last_edited=\u00a0\u00bbon|phone\u00a0\u00bb custom_css_member_social_links=\u00a0\u00bbbackground-color:#ff5c5f;||padding:40px 20px;||width:20%;||position:absolute;||top:60px;\u00a0\u00bb global_colors_info=\u00a0\u00bb{%22gcid-c280e6cd-08ed-4b36-aba2-3d79e0703b80%22:%91%22position_text_color%22%93}\u00a0\u00bb icon_color__hover_enabled=\u00a0\u00bbon|desktop\u00a0\u00bb icon_color__hover=\u00a0\u00bb#000000&Prime; custom_css_member_social_links__hover_enabled=\u00a0\u00bboff|desktop\u00a0\u00bb custom_css_member_social_links__hover=\u00a0\u00bbopacity:1&Prime; custom_css_member_social_links_last_edited=\u00a0\u00bbon|phone\u00a0\u00bb custom_css_member_social_links_tablet=\u00a0\u00bbbackground-color:#ff5c5f;||padding:40px 40px;||width:20%;||position:absolute;||top:60px;\u00a0\u00bb custom_css_member_social_links_phone=\u00a0\u00bbbackground-color:#ff5c5f;||padding:40px 20px;||width:20%;||position:absolute;||top:25px;\u00a0\u00bb]<\/p>\n<p>10 Propri\u00e9t\u00e9s<\/p>\n<p>[\/et_pb_team_member][\/et_pb_column][\/et_pb_row][\/et_pb_section]<\/p>\n","protected":false},"excerpt":{"rendered":"<p>D\u00e9couvrez nos meilleurs agentsLorem ipsum dolor sit amet, consectetur adipiscing elit. Pretium pulvinar ac molestie cursus malesuada enim. Massa nec tellus, elit tellus, erat faucibus aenean. Nunc, lacus, dignissim nec sit. 20 Propri\u00e9t\u00e9s10 Propri\u00e9t\u00e9s15 Propri\u00e9t\u00e9s30 Propri\u00e9t\u00e9s5 Propri\u00e9t\u00e9s10 Propri\u00e9t\u00e9s<\/p>\n","protected":false},"author":1,"featured_media":0,"parent":0,"menu_order":0,"comment_status":"closed","ping_status":"closed","template":"","meta":{"_et_pb_use_builder":"on","_et_pb_old_content":"","_et_gb_content_width":"","footnotes":""},"class_list":["post-100833","page","type-page","status-publish","hentry"],"_links":{"self":[{"href":"https:\/\/louerquorum.com\/fr\/wp-json\/wp\/v2\/pages\/100833","targetHints":{"allow":["GET"]}}],"collection":[{"href":"https:\/\/louerquorum.com\/fr\/wp-json\/wp\/v2\/pages"}],"about":[{"href":"https:\/\/louerquorum.com\/fr\/wp-json\/wp\/v2\/types\/page"}],"author":[{"embeddable":true,"href":"https:\/\/louerquorum.com\/fr\/wp-json\/wp\/v2\/users\/1"}],"replies":[{"embeddable":true,"href":"https:\/\/louerquorum.com\/fr\/wp-json\/wp\/v2\/comments?post=100833"}],"version-history":[{"count":2,"href":"https:\/\/louerquorum.com\/fr\/wp-json\/wp\/v2\/pages\/100833\/revisions"}],"predecessor-version":[{"id":100835,"href":"https:\/\/louerquorum.com\/fr\/wp-json\/wp\/v2\/pages\/100833\/revisions\/100835"}],"wp:attachment":[{"href":"https:\/\/louerquorum.com\/fr\/wp-json\/wp\/v2\/media?parent=100833"}],"curies":[{"name":"wp","href":"https:\/\/api.w.org\/{rel}","templated":true}]}}